{"id":1896,"date":"2021-08-31T15:11:34","date_gmt":"2021-08-31T08:11:34","guid":{"rendered":"https:\/\/aasadhesive.com\/?post_type=product&#038;p=1896"},"modified":"2021-08-31T15:21:05","modified_gmt":"2021-08-31T08:21:05","slug":"micron-gear","status":"publish","type":"product","link":"https:\/\/aasadhesive.com\/th\/product\/micron-gear\/","title":{"rendered":"\u0e44\u0e21\u0e04\u0e23\u0e2d\u0e19+\u0e40\u0e01\u0e35\u0e22\u0e23\u0e4c"},"content":{"rendered":"<table width=\"100%\">\n<tbody>\n<tr>\n<th><\/th>\n<th style=\"text-align: center;\">\u0e44\u0e21\u0e04\u0e23\u0e2d\u0e19 + 5<\/th>\n<th style=\"text-align: center;\">\u0e44\u0e21\u0e04\u0e23\u0e2d\u0e19 + 10<\/th>\n<th style=\"text-align: center;\">\u0e44\u0e21\u0e04\u0e23\u0e2d\u0e19 + 20<\/th>\n<th style=\"text-align: center;\">\u0e44\u0e21\u0e04\u0e23\u0e2d\u0e19 + 35<\/th>\n<\/tr>\n<tr>\n<td>\u0e2d\u0e31\u0e15\u0e23\u0e32\u0e01\u0e32\u0e23\u0e2b\u0e25\u0e2d\u0e21\u0e40\u0e2b\u0e25\u0e27*<\/td>\n<td style=\"text-align: center;\"><strong>9 \u0e01\u0e01.\/\u0e0a\u0e21<\/strong><\/td>\n<td style=\"text-align: center;\"><strong>13.5 \u0e01\u0e01.\/\u0e0a\u0e21.<\/strong><\/td>\n<td style=\"text-align: center;\"><strong>19 \u0e01\u0e01.\/\u0e0a\u0e21<\/strong><\/td>\n<td style=\"text-align: center;\"><strong>30 \u0e01\u0e01.\/\u0e0a\u0e21<\/strong><\/td>\n<\/tr>\n<tr>\n<td>\u0e2d\u0e31\u0e15\u0e23\u0e32\u0e01\u0e32\u0e23\u0e2a\u0e39\u0e1a\u0e19\u0e49\u0e33*<\/td>\n<td style=\"text-align: center;\" colspan=\"4\">\u0e1b\u0e31\u0e4a\u0e21\u0e18\u0e23\u0e23\u0e21\u0e14\u0e32: 1, 2.5, 4, 8 \u0e0b\u0e35\u0e0b\u0e35\/\u0e23\u0e2d\u0e1a \/ \u0e1b\u0e31\u0e4a\u0e21\u0e04\u0e39\u0e48: 2\u00d70.93, 2\u00d71.86, 2\u00d73.71, 2\u00d74.8 \u0e0b\u0e35\u0e0b\u0e35\/\u0e23\u0e2d\u0e1a<\/td>\n<\/tr>\n<tr>\n<td>\u0e08\u0e33\u0e19\u0e27\u0e19\u0e1c\u0e25\u0e1c\u0e25\u0e34\u0e15<\/td>\n<td style=\"text-align: center;\" colspan=\"4\">2,4 \u0e2b\u0e23\u0e37\u0e2d 6 \u0e14\u0e49\u0e27\u0e22\u0e1b\u0e31\u0e4a\u0e21\u0e40\u0e14\u0e35\u0e22\u0e27 \u2014 2 \u0e2b\u0e23\u0e37\u0e2d 4 \u0e1e\u0e23\u0e49\u0e2d\u0e21\u0e1b\u0e31\u0e4a\u0e21\u0e2a\u0e2d\u0e07\u0e15\u0e31\u0e27<\/td>\n<\/tr>\n<tr>\n<td>\u0e0a\u0e48\u0e27\u0e07\u0e2d\u0e38\u0e13\u0e2b\u0e20\u0e39\u0e21\u0e34<\/td>\n<td style=\"text-align: center;\" colspan=\"4\">0 \u0e16\u0e36\u0e07 200 \u00b0C (32 \u0e16\u0e36\u0e07 392 \u00b0F)<\/td>\n<\/tr>\n<tr>\n<td>\u0e01\u0e32\u0e23\u0e04\u0e27\u0e1a\u0e04\u0e38\u0e21\u0e2d\u0e38\u0e13\u0e2b\u0e20\u0e39\u0e21\u0e34<\/td>\n<td style=\"text-align: center;\" colspan=\"4\">Pt100, Ni120 \u0e2b\u0e23\u0e37\u0e2d NTC-R<\/td>\n<\/tr>\n<tr>\n<td>\u0e41\u0e23\u0e07\u0e14\u0e31\u0e19\u0e43\u0e0a\u0e49\u0e07\u0e32\u0e19\u0e2a\u0e39\u0e07\u0e2a\u0e38\u0e14 (\u0e16\u0e36\u0e07 6 \u0e1a\u0e32\u0e23\u0e4c)<\/td>\n<td style=\"text-align: center;\" colspan=\"4\">90 \u0e1a\u0e32\u0e23\u0e4c (1.305 psi)<\/td>\n<\/tr>\n<tr>\n<td>\u0e1e\u0e25\u0e31\u0e07\u0e01\u0e32\u0e23\u0e15\u0e34\u0e14\u0e15\u0e31\u0e49\u0e07\u0e2a\u0e39\u0e07\u0e2a\u0e38\u0e14<\/td>\n<td>1 \u0e1b\u0e31\u0e4a\u0e21\u0e18\u0e23\u0e23\u0e21\u0e14\u0e32 \/ 2 \u0e40\u0e2d\u0e32\u0e15\u0e4c\u0e1e\u0e38\u0e15<\/td>\n<td>1 \u0e1b\u0e31\u0e4a\u0e21\u0e18\u0e23\u0e23\u0e21\u0e14\u0e32 \/ 2 \u0e40\u0e2d\u0e32\u0e15\u0e4c\u0e1e\u0e38\u0e15<\/td>\n<td>1 \u0e1b\u0e31\u0e4a\u0e21\u0e18\u0e23\u0e23\u0e21\u0e14\u0e32 \/ 2 \u0e40\u0e2d\u0e32\u0e15\u0e4c\u0e1e\u0e38\u0e15<\/td>\n<td>1 \u0e1b\u0e31\u0e4a\u0e21\u0e18\u0e23\u0e23\u0e21\u0e14\u0e32 \/ 2 \u0e40\u0e2d\u0e32\u0e15\u0e4c\u0e1e\u0e38\u0e15<\/td>\n<\/tr>\n<tr>\n<td><\/td>\n<td><span style=\"color: #333399;\">1x 6,9KW \/ 3 x 3,0KW<\/span><\/td>\n<td><span style=\"color: #333399;\">1 x 8.0KW \/ 3 x 4,0KW<\/span><\/td>\n<td><span style=\"color: #333399;\">1 x 8, 5KW \/ 3 x 4,5KW<\/span><\/td>\n<td><span style=\"color: #333399;\">1x 10,0KW \/ 3 x 4,3KW<\/span><\/td>\n<\/tr>\n<tr>\n<td><\/td>\n<td>1 \u0e1b\u0e31\u0e4a\u0e21\u0e18\u0e23\u0e23\u0e21\u0e14\u0e32 \/ 4 \u0e40\u0e2d\u0e32\u0e15\u0e4c\u0e1e\u0e38\u0e15<\/td>\n<td>1 \u0e1b\u0e31\u0e4a\u0e21\u0e18\u0e23\u0e23\u0e21\u0e14\u0e32 \/ 4 \u0e40\u0e2d\u0e32\u0e15\u0e4c\u0e1e\u0e38\u0e15<\/td>\n<td>1 \u0e1b\u0e31\u0e4a\u0e21\u0e18\u0e23\u0e23\u0e21\u0e14\u0e32 \/ 4 \u0e40\u0e2d\u0e32\u0e15\u0e4c\u0e1e\u0e38\u0e15<\/td>\n<td>1 \u0e1b\u0e31\u0e4a\u0e21\u0e18\u0e23\u0e23\u0e21\u0e14\u0e32 \/ 4 \u0e40\u0e2d\u0e32\u0e15\u0e4c\u0e1e\u0e38\u0e15<\/td>\n<\/tr>\n<tr>\n<td><\/td>\n<td><span style=\"color: #333399;\">1x 10,5KW \/ 3 x 4,0KW<\/span><\/td>\n<td><span style=\"color: #333399;\">1x 11.6KW \/ 3 x 4,0KW<\/span><\/td>\n<td><span style=\"color: #333399;\">1x 12.1KW \/ 3 x 4,5KW<\/span><\/td>\n<td><span style=\"color: #333399;\">1x 13.5KW \/ 3 x 6,1KW<\/span><\/td>\n<\/tr>\n<tr>\n<td><\/td>\n<td>1 \u0e1b\u0e31\u0e4a\u0e21\u0e18\u0e23\u0e23\u0e21\u0e14\u0e32 \/ 4 \u0e40\u0e2d\u0e32\u0e15\u0e4c\u0e1e\u0e38\u0e15<\/td>\n<td>1 \u0e1b\u0e31\u0e4a\u0e21\u0e18\u0e23\u0e23\u0e21\u0e14\u0e32 \/ 6 \u0e40\u0e2d\u0e32\u0e15\u0e4c\u0e1e\u0e38\u0e15<\/td>\n<td width=\" \">1 \u0e1b\u0e31\u0e4a\u0e21\u0e18\u0e23\u0e23\u0e21\u0e14\u0e32 \/ 6 \u0e40\u0e2d\u0e32\u0e15\u0e4c\u0e1e\u0e38\u0e15<\/td>\n<td>1 \u0e1b\u0e31\u0e4a\u0e21\u0e18\u0e23\u0e23\u0e21\u0e14\u0e32 \/ 6 \u0e40\u0e2d\u0e32\u0e15\u0e4c\u0e1e\u0e38\u0e15<\/td>\n<\/tr>\n<tr>\n<td><\/td>\n<td><span style=\"color: #333399;\">1x 14,2KW \/ 3 x 5,8KW<\/span><\/td>\n<td><span style=\"color: #333399;\">1x 15,2KW \/ 3 x 5,8KW<\/span><\/td>\n<td><span style=\"color: #333399;\">1x 15.6KW \/ 3 x 5,8KW<\/span><\/td>\n<td><span style=\"color: #333399;\">1x 17,2KW \/ 3 x 7,9KW<\/span><\/td>\n<\/tr>\n<tr>\n<td><\/td>\n<td>2 \u0e1b\u0e31\u0e4a\u0e21\u0e18\u0e23\u0e23\u0e21\u0e14\u0e32 \/ 2 \u0e40\u0e2d\u0e32\u0e15\u0e4c\u0e1e\u0e38\u0e15<\/td>\n<td>2 \u0e1b\u0e31\u0e4a\u0e21\u0e18\u0e23\u0e23\u0e21\u0e14\u0e32 \/ 2 \u0e40\u0e2d\u0e32\u0e15\u0e4c\u0e1e\u0e38\u0e15<\/td>\n<td>2 \u0e1b\u0e31\u0e4a\u0e21\u0e18\u0e23\u0e23\u0e21\u0e14\u0e32 \/ 2 \u0e40\u0e2d\u0e32\u0e15\u0e4c\u0e1e\u0e38\u0e15<\/td>\n<td>2 \u0e1b\u0e31\u0e4a\u0e21\u0e18\u0e23\u0e23\u0e21\u0e14\u0e32 \/ 2 \u0e40\u0e2d\u0e32\u0e15\u0e4c\u0e1e\u0e38\u0e15<\/td>\n<\/tr>\n<tr>\n<td><\/td>\n<td><span style=\"color: #333399;\">1 x 8.3KW \/ 3 x 3,3KW<\/span><\/td>\n<td><span style=\"color: #333399;\">1x 9,3KW \/ 3 x 4,0KW<\/span><\/td>\n<td><span style=\"color: #333399;\">1x 9,8KW \/ 3 x 4,5KW<\/span><\/td>\n<td><span style=\"color: #333399;\">1x 11.3KW \/ 3 x 5,3KW<\/span><\/td>\n<\/tr>\n<tr>\n<td><\/td>\n<td>2 \u0e1b\u0e31\u0e4a\u0e21\u0e18\u0e23\u0e23\u0e21\u0e14\u0e32 \/ 4 \u0e40\u0e2d\u0e32\u0e15\u0e4c\u0e1e\u0e38\u0e15<\/td>\n<td>2 \u0e1b\u0e31\u0e4a\u0e21\u0e18\u0e23\u0e23\u0e21\u0e14\u0e32 \/ 4 \u0e40\u0e2d\u0e32\u0e15\u0e4c\u0e1e\u0e38\u0e15<\/td>\n<td>2 \u0e1b\u0e31\u0e4a\u0e21\u0e18\u0e23\u0e23\u0e21\u0e14\u0e32 \/ 4 \u0e40\u0e2d\u0e32\u0e15\u0e4c\u0e1e\u0e38\u0e15<\/td>\n<td>2 \u0e1b\u0e31\u0e4a\u0e21\u0e18\u0e23\u0e23\u0e21\u0e14\u0e32 \/ 4 \u0e40\u0e2d\u0e32\u0e15\u0e4c\u0e1e\u0e38\u0e15<\/td>\n<\/tr>\n<tr>\n<td><\/td>\n<td><span style=\"color: #333399;\">1x 11.9KW \/ 3 x 4,6KW<\/span><\/td>\n<td><span style=\"color: #333399;\">1x 12.9KW \/ 3 x 4,4KW<\/span><\/td>\n<td><span style=\"color: #333399;\">1x 13.4KW\/ 3 x 4,6KW<\/span><\/td>\n<td><span style=\"color: #333399;\">1x 14.9KW \/ 3 x 7,1\/KW<\/span><\/td>\n<\/tr>\n<tr>\n<td rowspan=\"2\">\u0e1f\u0e31\u0e07\u0e01\u0e4c\u0e0a\u0e31\u0e19\u0e20\u0e32\u0e22\u0e19\u0e2d\u0e01<\/td>\n<td colspan=\"4\">\u0e2d\u0e34\u0e19\u0e1e\u0e38\u0e15: \u0e40\u0e1b\u0e34\u0e14-\u0e1b\u0e34\u0e14\u0e22\u0e39\u0e19\u0e34\u0e15 \/ \u0e2a\u0e41\u0e15\u0e19\u0e14\u0e4c\u0e1a\u0e32\u0e22 \/ \u0e04\u0e27\u0e1a\u0e04\u0e38\u0e21\u0e01\u0e34\u0e08\u0e01\u0e23\u0e23\u0e21 \/ \u0e40\u0e1b\u0e34\u0e14-\u0e1b\u0e34\u0e14 \u0e1b\u0e31\u0e4a\u0e21 \/ \u0e40\u0e1b\u0e34\u0e14-\u0e1b\u0e34\u0e14 \u0e01\u0e32\u0e23\u0e2a\u0e37\u0e48\u0e2d\u0e2a\u0e32\u0e23 \/ \u0e01\u0e32\u0e23\u0e22\u0e31\u0e1a\u0e22\u0e31\u0e49\u0e07\u0e01\u0e32\u0e23\u0e22\u0e34\u0e07 (\u0e1e\u0e23\u0e49\u0e2d\u0e21\u0e15\u0e31\u0e27\u0e04\u0e27\u0e1a\u0e04\u0e38\u0e21\u0e23\u0e39\u0e1b\u0e41\u0e1a\u0e1a\u0e43\u0e19\u0e15\u0e31\u0e27 \/ \u0e01\u0e32\u0e23\u0e22\u0e31\u0e1a\u0e22\u0e31\u0e49\u0e07\u0e40\u0e2d\u0e32\u0e15\u0e4c\u0e1e\u0e38\u0e15\u0e17\u0e32\u0e07\u0e44\u0e1f\u0e1f\u0e49\u0e32<\/td>\n<\/tr>\n<tr>\n<td colspan=\"4\">\u0e1c\u0e25\u0e25\u0e31\u0e1e\u0e18\u0e4c: \u0e23\u0e30\u0e14\u0e31\u0e1a\u0e01\u0e32\u0e27 (nc) \/ \u0e40\u0e1b\u0e34\u0e14\u0e1b\u0e31\u0e4a\u0e21 \/ \u0e40\u0e1b\u0e34\u0e14\u0e2a\u0e41\u0e15\u0e19\u0e14\u0e4c\u0e1a\u0e32\u0e22 \/ \u0e42\u0e0b\u0e19\u0e2d\u0e38\u0e13\u0e2b\u0e20\u0e39\u0e21\u0e34\u0e43\u0e0a\u0e49\u0e44\u0e14\u0e49 \/ \u0e40\u0e1b\u0e34\u0e14\u0e2a\u0e31\u0e0d\u0e0d\u0e32\u0e13\u0e40\u0e15\u0e37\u0e2d\u0e19 \/ \u0e2b\u0e19\u0e48\u0e27\u0e22\u0e1e\u0e23\u0e49\u0e2d\u0e21 \/ \u0e23\u0e30\u0e14\u0e31\u0e1a\u0e01\u0e32\u0e27 (\u0e44\u0e21\u0e48)<\/td>\n<\/tr>\n<tr>\n<td>\u0e02\u0e49\u0e2d\u0e01\u0e33\u0e2b\u0e19\u0e14\u0e17\u0e32\u0e07\u0e44\u0e1f\u0e1f\u0e49\u0e32<\/td>\n<td style=\"text-align: center;\" colspan=\"4\">1N ~ 230V 50\/60Hz + PE \/ 3N ~ 400V 50\/60Hz + PE \/ 3 ~ 230V 50\/60Hz + PE<\/td>\n<\/tr>\n<tr>\n<td width=\"260\">\u0e2d\u0e38\u0e13\u0e2b\u0e20\u0e39\u0e21\u0e34\u0e2a\u0e16\u0e32\u0e19\u0e17\u0e35\u0e48\u0e17\u0e33\u0e07\u0e32\u0e19<\/td>\n<td style=\"text-align: center;\" colspan=\"4\">0 \u0e16\u0e36\u0e07 40\u00b0C<\/td>\n<\/tr>\n<\/tbody>\n<\/table>","protected":false},"excerpt":{"rendered":"<p><strong>\u0e01\u0e32\u0e23\u0e43\u0e0a\u0e49\u0e07\u0e32\u0e19\u0e02\u0e31\u0e49\u0e19\u0e2a\u0e39\u0e07\u0e14\u0e49\u0e27\u0e22\u0e41\u0e1c\u0e07\u0e04\u0e27\u0e1a\u0e04\u0e38\u0e21<\/strong><\/p>\n<p>\u0e21\u0e35\u0e2b\u0e19\u0e49\u0e32\u0e08\u0e2d\u0e2a\u0e31\u0e21\u0e1c\u0e31\u0e2a\u0e02\u0e19\u0e32\u0e14 7 \u0e19\u0e34\u0e49\u0e27\u0e17\u0e35\u0e48\u0e17\u0e19\u0e15\u0e48\u0e2d\u0e41\u0e23\u0e07\u0e01\u0e23\u0e30\u0e41\u0e17\u0e01\u0e2a\u0e39\u0e07\u0e0b\u0e36\u0e48\u0e07\u0e43\u0e0a\u0e49\u0e07\u0e32\u0e19\u0e07\u0e48\u0e32\u0e22 \u0e01\u0e32\u0e23\u0e40\u0e02\u0e35\u0e22\u0e19\u0e42\u0e1b\u0e23\u0e41\u0e01\u0e23\u0e21\u0e2d\u0e22\u0e48\u0e32\u0e07\u0e23\u0e27\u0e14\u0e40\u0e23\u0e47\u0e27\u0e14\u0e49\u0e27\u0e22\u0e2d\u0e34\u0e19\u0e40\u0e17\u0e2d\u0e23\u0e4c\u0e40\u0e1f\u0e0b\u0e17\u0e35\u0e48\u0e40\u0e23\u0e35\u0e22\u0e1a\u0e07\u0e48\u0e32\u0e22 \u0e2a\u0e32\u0e21\u0e32\u0e23\u0e16\u0e2a\u0e23\u0e49\u0e32\u0e07\u0e42\u0e1b\u0e23\u0e44\u0e1f\u0e25\u0e4c\u0e1c\u0e39\u0e49\u0e43\u0e0a\u0e49\u0e44\u0e14\u0e49\u0e2b\u0e25\u0e32\u0e22\u0e41\u0e1a\u0e1a \u0e1b\u0e23\u0e31\u0e1a\u0e41\u0e15\u0e48\u0e07\u0e1e\u0e37\u0e49\u0e19\u0e17\u0e35\u0e48 \u0e15\u0e23\u0e27\u0e08\u0e2a\u0e2d\u0e1a\u0e41\u0e1a\u0e1a\u0e40\u0e23\u0e35\u0e22\u0e25\u0e44\u0e17\u0e21\u0e4c \u0e41\u0e25\u0e30\u0e23\u0e31\u0e1a\u0e02\u0e49\u0e2d\u0e21\u0e39\u0e25\u0e17\u0e32\u0e07\u0e40\u0e17\u0e04\u0e19\u0e34\u0e04\u0e17\u0e35\u0e48\u0e21\u0e35\u0e04\u0e48\u0e32\u0e2a\u0e39\u0e07\u0e2a\u0e33\u0e2b\u0e23\u0e31\u0e1a\u0e01\u0e32\u0e23\u0e2a\u0e19\u0e31\u0e1a\u0e2a\u0e19\u0e38\u0e19\u0e2d\u0e38\u0e1b\u0e01\u0e23\u0e13\u0e4c<\/p>\n<p>\u0e2b\u0e19\u0e48\u0e27\u0e22\u0e07\u0e32\u0e19\u0e02\u0e2d\u0e07 Meler \u0e17\u0e31\u0e49\u0e07\u0e2b\u0e21\u0e14\u0e43\u0e0a\u0e49\u0e2d\u0e34\u0e19\u0e40\u0e17\u0e2d\u0e23\u0e4c\u0e40\u0e1f\u0e0b\u0e40\u0e14\u0e35\u0e22\u0e27\u0e01\u0e31\u0e19 \u0e17\u0e33\u0e43\u0e2b\u0e49\u0e1c\u0e39\u0e49\u0e43\u0e0a\u0e49\u0e40\u0e23\u0e35\u0e22\u0e19\u0e23\u0e39\u0e49\u0e27\u0e34\u0e18\u0e35\u0e43\u0e0a\u0e49\u0e07\u0e32\u0e19\u0e44\u0e14\u0e49\u0e07\u0e48\u0e32\u0e22\u0e21\u0e32\u0e01 \u0e0b\u0e36\u0e48\u0e07\u0e0a\u0e48\u0e27\u0e22\u0e25\u0e14\u0e15\u0e49\u0e19\u0e17\u0e38\u0e19\u0e01\u0e32\u0e23\u0e1d\u0e36\u0e01\u0e2d\u0e1a\u0e23\u0e21\u0e41\u0e25\u0e30\u0e40\u0e1e\u0e34\u0e48\u0e21\u0e17\u0e31\u0e01\u0e29\u0e30\u0e17\u0e35\u0e48\u0e2b\u0e25\u0e32\u0e01\u0e2b\u0e25\u0e32\u0e22\u0e43\u0e19\u0e17\u0e35\u0e48\u0e17\u0e33\u0e07\u0e32\u0e19<\/p>\n<p><strong>\u0e22\u0e37\u0e14\u0e2b\u0e22\u0e38\u0e48\u0e19\u0e44\u0e14\u0e49<\/strong><\/p>\n<ul>\n<li>\u0e2b\u0e19\u0e49\u0e32\u0e08\u0e2d HMI \u0e41\u0e1a\u0e1a\u0e16\u0e2d\u0e14\u0e44\u0e14\u0e49<\/li>\n<li>Micron+ \u0e2a\u0e32\u0e21\u0e32\u0e23\u0e16\u0e21\u0e32\u0e1e\u0e23\u0e49\u0e2d\u0e21\u0e01\u0e31\u0e1a\u0e15\u0e31\u0e27\u0e04\u0e27\u0e1a\u0e04\u0e38\u0e21\u0e23\u0e39\u0e1b\u0e41\u0e1a\u0e1a\u0e43\u0e19\u0e15\u0e31\u0e27<\/li>\n<\/ul>","protected":false},"featured_media":1901,"template":"","meta":{"_acf_changed":false,"_seopress_robots_primary_cat":"none","_seopress_titles_title":"","_seopress_titles_desc":"","_seopress_robots_index":"","site-sidebar-layout":"default","site-content-layout":"default","ast-site-content-layout":"default","site-content-style":"default","site-sidebar-style":"default","ast-global-header-display":"","ast-banner-title-visibility":"","ast-main-header-display":"","ast-hfb-above-header-display":"","ast-hfb-below-header-display":"","ast-hfb-mobile-header-display":"","site-post-title":"","ast-breadcrumbs-content":"","ast-featured-img":"","footer-sml-layout":"","theme-transparent-header-meta":"default","adv-header-id-meta":"","stick-header-meta":"default","header-above-stick-meta":"","header-main-stick-meta":"","header-below-stick-meta":"","astra-migrate-meta-layouts":"default","ast-page-background-enabled":"default","ast-page-background-meta":{"desktop":{"background-color":"","background-image":"","background-repeat":"repeat","background-position":"center center","background-size":"auto","background-attachment":"scroll","background-type":"","background-media":"","overlay-type":"","overlay-color":"","overlay-opacity":"","overlay-gradient":""},"tablet":{"background-color":"","background-image":"","background-repeat":"repeat","background-position":"center center","background-size":"auto","background-attachment":"scroll","background-type":"","background-media":"","overlay-type":"","overlay-color":"","overlay-opacity":"","overlay-gradient":""},"mobile":{"background-color":"","background-image":"","background-repeat":"repeat","background-position":"center center","background-size":"auto","background-attachment":"scroll","background-type":"","background-media":"","overlay-type":"","overlay-color":"","overlay-opacity":"","overlay-gradient":""}},"ast-content-background-meta":{"desktop":{"background-color":"var(--ast-global-color-5)","background-image":"","background-repeat":"repeat","background-position":"center center","background-size":"auto","background-attachment":"scroll","background-type":"","background-media":"","overlay-type":"","overlay-color":"","overlay-opacity":"","overlay-gradient":""},"tablet":{"background-color":"var(--ast-global-color-5)","background-image":"","background-repeat":"repeat","background-position":"center center","background-size":"auto","background-attachment":"scroll","background-type":"","background-media":"","overlay-type":"","overlay-color":"","overlay-opacity":"","overlay-gradient":""},"mobile":{"background-color":"var(--ast-global-color-5)","background-image":"","background-repeat":"repeat","background-position":"center center","background-size":"auto","background-attachment":"scroll","background-type":"","background-media":"","overlay-type":"","overlay-color":"","overlay-opacity":"","overlay-gradient":""}}},"product_brand":[],"product_cat":[81,82],"product_tag":[88,90],"class_list":{"0":"post-1896","1":"product","2":"type-product","3":"status-publish","4":"has-post-thumbnail","6":"product_cat-hotmelt-machine","7":"product_cat-hotmelt-tank-melters","8":"product_tag-hotmelt","9":"product_tag-micron-gear","10":"desktop-align-left","11":"tablet-align-left","12":"mobile-align-left","13":"ast-product-gallery-layout-horizontal-slider","14":"ast-magnify-disabled","15":"ast-product-tabs-layout-horizontal","16":"ast-qv-on-image","18":"first","19":"instock","20":"shipping-taxable","21":"product-type-simple"},"acf":[],"_links":{"self":[{"href":"https:\/\/aasadhesive.com\/th\/wp-json\/wp\/v2\/product\/1896","targetHints":{"allow":["GET"]}}],"collection":[{"href":"https:\/\/aasadhesive.com\/th\/wp-json\/wp\/v2\/product"}],"about":[{"href":"https:\/\/aasadhesive.com\/th\/wp-json\/wp\/v2\/types\/product"}],"version-history":[{"count":0,"href":"https:\/\/aasadhesive.com\/th\/wp-json\/wp\/v2\/product\/1896\/revisions"}],"wp:featuredmedia":[{"embeddable":true,"href":"https:\/\/aasadhesive.com\/th\/wp-json\/wp\/v2\/media\/1901"}],"wp:attachment":[{"href":"https:\/\/aasadhesive.com\/th\/wp-json\/wp\/v2\/media?parent=1896"}],"wp:term":[{"taxonomy":"product_brand","embeddable":true,"href":"https:\/\/aasadhesive.com\/th\/wp-json\/wp\/v2\/product_brand?post=1896"},{"taxonomy":"product_cat","embeddable":true,"href":"https:\/\/aasadhesive.com\/th\/wp-json\/wp\/v2\/product_cat?post=1896"},{"taxonomy":"product_tag","embeddable":true,"href":"https:\/\/aasadhesive.com\/th\/wp-json\/wp\/v2\/product_tag?post=1896"}],"curies":[{"name":"wp","href":"https:\/\/api.w.org\/{rel}","templated":true}]}}