{"id":1906,"date":"2021-08-31T15:26:36","date_gmt":"2021-08-31T08:26:36","guid":{"rendered":"https:\/\/aasadhesive.com\/?post_type=product&#038;p=1906"},"modified":"2021-08-31T15:36:48","modified_gmt":"2021-08-31T08:36:48","slug":"ps20","status":"publish","type":"product","link":"https:\/\/aasadhesive.com\/th\/product\/ps20\/","title":{"rendered":"PS20"},"content":{"rendered":"<table width=\" \">\n<tbody>\n<tr>\n<th colspan=\"2\">\u0e04\u0e38\u0e13\u0e2a\u0e21\u0e1a\u0e31\u0e15\u0e34\u0e17\u0e32\u0e07\u0e40\u0e17\u0e04\u0e19\u0e34\u0e04<\/th>\n<th colspan=\"8\">PS20<\/th>\n<\/tr>\n<tr>\n<td colspan=\"2\" width=\"327\">\u0e02\u0e19\u0e32\u0e14\u0e01\u0e25\u0e2d\u0e07<\/td>\n<td colspan=\"8\" width=\"364\">\u00d8280 (\u0e40\u0e2a\u0e49\u0e19\u0e1c\u0e48\u0e32\u0e19\u0e28\u0e39\u0e19\u0e22\u0e4c\u0e01\u0e25\u0e32\u0e07\u0e20\u0e32\u0e22\u0e43\u0e19) x 400 \u0e21\u0e21. (\u0e2a\u0e39\u0e07\u0e2a\u0e38\u0e14 20 \u0e25\u0e34\u0e15\u0e23)<\/td>\n<\/tr>\n<tr>\n<td colspan=\"2\" width=\"327\">\u0e1b\u0e23\u0e30\u0e40\u0e20\u0e17\u0e02\u0e2d\u0e07\u0e41\u0e17\u0e48\u0e19\u0e2b\u0e25\u0e2d\u0e21<\/td>\n<td colspan=\"4\" width=\"186\">\u0e40\u0e23\u0e35\u0e22\u0e1a<\/td>\n<td colspan=\"4\" width=\"178\">\u0e41\u0e1c\u0e48\u0e19\u0e41\u0e01\u0e19<\/td>\n<\/tr>\n<tr>\n<td colspan=\"2\" width=\"327\">\u0e2d\u0e31\u0e15\u0e23\u0e32\u0e01\u0e32\u0e23\u0e2b\u0e25\u0e2d\u0e21 (*)<\/td>\n<td colspan=\"4\" width=\"186\">9-10 \u0e01\u0e01.\/\u0e0a\u0e21<\/td>\n<td colspan=\"4\" width=\"178\">18-20 \u0e01\u0e01.\/\u0e0a\u0e21<\/td>\n<\/tr>\n<tr>\n<td colspan=\"2\" width=\"327\">\u0e01\u0e33\u0e25\u0e31\u0e07\u0e2a\u0e39\u0e1a\u0e19\u0e49\u0e33 (*)<\/td>\n<td colspan=\"8\" width=\"364\">\u0e1b\u0e31\u0e4a\u0e21\u0e40\u0e14\u0e35\u0e48\u0e22\u0e27 1, 2.5, 4 \u0e41\u0e25\u0e30 8 \u0e0b\u0e35\u0e0b\u0e35\/\u0e23\u0e2d\u0e1a<\/td>\n<\/tr>\n<tr>\n<td colspan=\"2\" width=\"327\"><\/td>\n<td colspan=\"8\" width=\"364\">2\u00d70.93, 2\u00d71.86, 2\u00d73.71 \u0e41\u0e25\u0e30 2\u00d74.8 cc\/rev \u0e1b\u0e31\u0e4a\u0e21\u0e04\u0e39\u0e48<\/td>\n<\/tr>\n<tr>\n<td colspan=\"2\" width=\"327\">\u0e08\u0e33\u0e19\u0e27\u0e19\u0e40\u0e04\u0e23\u0e37\u0e48\u0e2d\u0e07\u0e2a\u0e39\u0e1a\u0e19\u0e49\u0e33<\/td>\n<td colspan=\"8\" width=\"364\">1 \u0e1b\u0e31\u0e4a\u0e21\u0e40\u0e14\u0e35\u0e48\u0e22\u0e27\u0e2b\u0e23\u0e37\u0e2d 1 \u0e1b\u0e31\u0e4a\u0e21\u0e04\u0e39\u0e48<\/td>\n<\/tr>\n<tr>\n<td colspan=\"2\" width=\"327\">\u0e08\u0e33\u0e19\u0e27\u0e19\u0e40\u0e2d\u0e32\u0e15\u0e4c\u0e1e\u0e38\u0e15\u0e44\u0e2e\u0e14\u0e23\u0e2d\u0e25\u0e34\u0e01<\/td>\n<td colspan=\"8\" width=\"364\">2 \u0e15\u0e48\u0e2d\u0e1b\u0e31\u0e4a\u0e21 (\u0e40\u0e01\u0e25\u0e35\u0e22\u0e27 UNF 3\/4&#039;)<\/td>\n<\/tr>\n<tr>\n<td colspan=\"2\" width=\"327\">\u0e08\u0e33\u0e19\u0e27\u0e19\u0e40\u0e2d\u0e32\u0e15\u0e4c\u0e1e\u0e38\u0e15\u0e44\u0e1f\u0e1f\u0e49\u0e32<\/td>\n<td colspan=\"8\" width=\"364\">2 \u0e2b\u0e23\u0e37\u0e2d 4 \u0e40\u0e2d\u0e32\u0e15\u0e4c\u0e1e\u0e38\u0e15 (\u0e23\u0e38\u0e48\u0e19\u0e21\u0e32\u0e15\u0e23\u0e10\u0e32\u0e19)<\/td>\n<\/tr>\n<tr>\n<td colspan=\"2\" width=\"327\">\u0e01\u0e33\u0e25\u0e31\u0e07\u0e21\u0e2d\u0e40\u0e15\u0e2d\u0e23\u0e4c<\/td>\n<td colspan=\"8\" width=\"364\">0.250 \u0e01\u0e34\u0e42\u0e25\u0e27\u0e31\u0e15\u0e15\u0e4c<\/td>\n<\/tr>\n<tr>\n<td colspan=\"2\" width=\"327\">\u0e04\u0e27\u0e32\u0e21\u0e40\u0e23\u0e47\u0e27<\/td>\n<td colspan=\"8\" width=\"364\">10-80 \u0e23\u0e2d\u0e1a\u0e15\u0e48\u0e2d\u0e19\u0e32\u0e17\u0e35 (\u0e0a\u0e48\u0e27\u0e07 0-100 \u0e23\u0e2d\u0e1a\u0e15\u0e48\u0e2d\u0e19\u0e32\u0e17\u0e35)<\/td>\n<\/tr>\n<tr>\n<td colspan=\"2\" width=\"327\">\u0e0a\u0e48\u0e27\u0e07\u0e2d\u0e38\u0e13\u0e2b\u0e20\u0e39\u0e21\u0e34<\/td>\n<td colspan=\"8\" width=\"364\">40 \u0e16\u0e36\u0e07 200\u00baC<\/td>\n<\/tr>\n<tr>\n<td colspan=\"2\" width=\"327\">\u0e01\u0e32\u0e23\u0e04\u0e27\u0e1a\u0e04\u0e38\u0e21\u0e2d\u0e38\u0e13\u0e2b\u0e20\u0e39\u0e21\u0e34<\/td>\n<td colspan=\"8\" width=\"364\">RTD \u00b10,5\u00baC<\/td>\n<\/tr>\n<tr>\n<td colspan=\"2\" width=\"327\">\u0e41\u0e23\u0e07\u0e14\u0e31\u0e19\u0e44\u0e1f\u0e2a\u0e39\u0e07\u0e2a\u0e38\u0e14<\/td>\n<td colspan=\"8\" width=\"364\">80 \u0e1a\u0e32\u0e23\u0e4c (1.160 psi) (\u0e41\u0e19\u0e30\u0e19\u0e33\u0e44\u0e21\u0e48\u0e40\u0e01\u0e34\u0e19 70 \u0e1a\u0e32\u0e23\u0e4c)<\/td>\n<\/tr>\n<tr>\n<td colspan=\"2\" width=\"327\">\u0e27\u0e32\u0e25\u0e4c\u0e27\u0e1a\u0e32\u0e22\u0e1e\u0e32\u0e2a<\/td>\n<td colspan=\"8\" width=\"364\">\u0e19\u0e34\u0e27\u0e40\u0e21\u0e15\u0e34\u0e01 (\u0e01\u0e32\u0e23\u0e04\u0e27\u0e1a\u0e04\u0e38\u0e21\u0e14\u0e49\u0e27\u0e22\u0e15\u0e19\u0e40\u0e2d\u0e07)<\/td>\n<\/tr>\n<tr>\n<td colspan=\"2\" width=\"327\">\u0e41\u0e2b\u0e25\u0e48\u0e07\u0e08\u0e48\u0e32\u0e22\u0e44\u0e1f\u0e2a\u0e39\u0e07\u0e2a\u0e38\u0e14<\/td>\n<td colspan=\"8\" width=\"364\"><\/td>\n<\/tr>\n<tr>\n<td colspan=\"2\" width=\"327\">1 \u0e1b\u0e31\u0e4a\u0e21\u0e40\u0e14\u0e35\u0e48\u0e22\u0e27\/ 2 \u0e40\u0e2d\u0e32\u0e15\u0e4c\u0e1e\u0e38\u0e15<\/td>\n<td colspan=\"8\" width=\"364\">5.000 W\/ \u0e15\u0e48\u0e2d\u0e40\u0e1f\u0e2a<\/td>\n<\/tr>\n<tr>\n<td colspan=\"2\" width=\"327\">1 \u0e40\u0e14\u0e35\u0e48\u0e22\u0e27\u0e04\u0e39\u0e48\/ 4 \u0e40\u0e2d\u0e32\u0e15\u0e4c\u0e1e\u0e38\u0e15<\/td>\n<td colspan=\"8\" width=\"364\">5.000 W\/ \u0e15\u0e48\u0e2d\u0e40\u0e1f\u0e2a<\/td>\n<\/tr>\n<tr>\n<td colspan=\"2\" width=\"327\">\u0e1f\u0e31\u0e07\u0e01\u0e4c\u0e0a\u0e31\u0e48\u0e19\u0e20\u0e32\u0e22\u0e19\u0e2d\u0e01<\/td>\n<td colspan=\"8\" rowspan=\"2\" width=\"364\">\u0e40\u0e2d\u0e32\u0e15\u0e4c\u0e1e\u0e38\u0e15\u0e2d\u0e38\u0e13\u0e2b\u0e20\u0e39\u0e21\u0e34 ok, \u0e40\u0e2d\u0e32\u0e15\u0e4c\u0e1e\u0e38\u0e15\u0e14\u0e23\u0e31\u0e21\u0e27\u0e48\u0e32\u0e07\u0e40\u0e1b\u0e25\u0e48\u0e32, \u0e2d\u0e34\u0e19\u0e1e\u0e38\u0e15\u0e2a\u0e41\u0e15\u0e19\u0e14\u0e4c\u0e1a\u0e32\u0e22, \u0e01\u0e32\u0e23\u0e04\u0e27\u0e1a\u0e04\u0e38\u0e21\u0e20\u0e32\u0e22\u0e19\u0e2d\u0e01\u0e02\u0e2d\u0e07\u0e21\u0e2d\u0e40\u0e15\u0e2d\u0e23\u0e4c\u0e2a\u0e15\u0e32\u0e23\u0e4c\u0e17-\u0e2a\u0e15\u0e47\u0e2d\u0e1b, \u0e01\u0e32\u0e23\u0e04\u0e27\u0e1a\u0e04\u0e38\u0e21\u0e20\u0e32\u0e22\u0e19\u0e2d\u0e01\u0e04\u0e27\u0e32\u0e21\u0e40\u0e23\u0e47\u0e27\u0e21\u0e2d\u0e40\u0e15\u0e2d\u0e23\u0e4c<\/td>\n<\/tr>\n<tr>\n<td colspan=\"2\" width=\"327\"><\/td>\n<\/tr>\n<tr>\n<td colspan=\"2\" width=\"327\">\u0e02\u0e49\u0e2d\u0e01\u0e33\u0e2b\u0e19\u0e14\u0e17\u0e32\u0e07\u0e44\u0e1f\u0e1f\u0e49\u0e32<\/td>\n<td colspan=\"8\" width=\"364\">3N ~ 400V 50\/60 Hz + PE<\/td>\n<\/tr>\n<tr>\n<td colspan=\"2\" width=\"327\">\u0e15\u0e31\u0e27\u0e40\u0e25\u0e37\u0e2d\u0e01<\/td>\n<td colspan=\"8\" width=\"364\">\u0e44\u0e1f\u0e17\u0e32\u0e27\u0e40\u0e27\u0e2d\u0e23\u0e4c \u0e23\u0e30\u0e1a\u0e1a\u0e09\u0e35\u0e14\u0e2d\u0e32\u0e01\u0e32\u0e28\u0e2d\u0e31\u0e15\u0e42\u0e19\u0e21\u0e31\u0e15\u0e34\u0e2a\u0e33\u0e2b\u0e23\u0e31\u0e1a\u0e14\u0e36\u0e07\u0e41\u0e1c\u0e48\u0e19\u0e2d\u0e2d\u0e01<\/td>\n<\/tr>\n<tr>\n<td colspan=\"10\" width=\"691\">(*) \u0e15\u0e32\u0e21\u0e0a\u0e19\u0e34\u0e14\u0e02\u0e2d\u0e07\u0e01\u0e32\u0e27 \u0e0a\u0e19\u0e34\u0e14\u0e41\u0e1c\u0e48\u0e19 \u0e41\u0e25\u0e30\u0e2a\u0e20\u0e32\u0e1e\u0e01\u0e32\u0e23\u0e17\u0e33\u0e07\u0e32\u0e19<\/td>\n<\/tr>\n<\/tbody>\n<\/table>","protected":false},"excerpt":{"rendered":"<p>\u0e2a\u0e33\u0e2b\u0e23\u0e31\u0e1a\u0e01\u0e32\u0e27\u0e23\u0e49\u0e2d\u0e19\u0e25\u0e30\u0e25\u0e32\u0e22\u0e17\u0e35\u0e48\u0e17\u0e33\u0e1b\u0e0f\u0e34\u0e01\u0e34\u0e23\u0e34\u0e22\u0e32\u0e41\u0e25\u0e30\u0e44\u0e21\u0e48\u0e17\u0e33\u0e1b\u0e0f\u0e34\u0e01\u0e34\u0e23\u0e34\u0e22\u0e32<\/p>\n<p>\u0e40\u0e04\u0e23\u0e37\u0e48\u0e2d\u0e07\u0e02\u0e19\u0e16\u0e48\u0e32\u0e22\u0e41\u0e1a\u0e1a\u0e14\u0e23\u0e31\u0e21 PS20 \u0e43\u0e2b\u0e49\u0e01\u0e32\u0e23\u0e25\u0e30\u0e25\u0e32\u0e22\u0e2d\u0e22\u0e48\u0e32\u0e07\u0e23\u0e30\u0e21\u0e31\u0e14\u0e23\u0e30\u0e27\u0e31\u0e07\u0e02\u0e2d\u0e07 <strong>\u0e01\u0e32\u0e27\u0e23\u0e49\u0e2d\u0e19\u0e25\u0e30\u0e25\u0e32\u0e22\u0e1b\u0e0f\u0e34\u0e01\u0e34\u0e23\u0e34\u0e22\u0e32\u0e41\u0e25\u0e30\u0e44\u0e21\u0e48\u0e17\u0e33\u0e1b\u0e0f\u0e34\u0e01\u0e34\u0e23\u0e34\u0e22\u0e32<\/strong> \u0e1a\u0e23\u0e23\u0e08\u0e38\u0e43\u0e19\u0e16\u0e31\u0e07\u0e02\u0e19\u0e32\u0e14 20 \u0e25\u0e34\u0e15\u0e23<\/p>\n<p>\u0e2a\u0e33\u0e2b\u0e23\u0e31\u0e1a\u0e01\u0e32\u0e27\u0e17\u0e35\u0e48\u0e44\u0e27\u0e15\u0e48\u0e2d\u0e1b\u0e0f\u0e34\u0e01\u0e34\u0e23\u0e34\u0e22\u0e32 \u0e44\u0e21\u0e48\u0e08\u0e33\u0e40\u0e1b\u0e47\u0e19\u0e15\u0e49\u0e2d\u0e07\u0e43\u0e0a\u0e49\u0e01\u0e4a\u0e32\u0e0b\u0e40\u0e09\u0e37\u0e48\u0e2d\u0e22\u0e08\u0e32\u0e01\u0e20\u0e32\u0e22\u0e19\u0e2d\u0e01\u0e41\u0e25\u0e30\u0e1b\u0e25\u0e48\u0e2d\u0e22\u0e43\u0e2b\u0e49\u0e2b\u0e22\u0e38\u0e14\u0e01\u0e32\u0e23\u0e1c\u0e25\u0e34\u0e15\u0e40\u0e1b\u0e47\u0e19\u0e40\u0e27\u0e25\u0e32\u0e19\u0e32\u0e19\u0e42\u0e14\u0e22\u0e44\u0e21\u0e48\u0e15\u0e49\u0e2d\u0e07\u0e1b\u0e01\u0e1b\u0e49\u0e2d\u0e07\u0e23\u0e30\u0e1a\u0e1a\u0e08\u0e32\u0e01\u0e01\u0e32\u0e23\u0e40\u0e0a\u0e37\u0e48\u0e2d\u0e21\u0e02\u0e27\u0e32\u0e07\u0e02\u0e2d\u0e07\u0e01\u0e32\u0e27<\/p>","protected":false},"featured_media":1908,"template":"","meta":{"_acf_changed":false,"_seopress_robots_primary_cat":"none","_seopress_titles_title":"","_seopress_titles_desc":"","_seopress_robots_index":"","site-sidebar-layout":"default","site-content-layout":"default","ast-site-content-layout":"default","site-content-style":"default","site-sidebar-style":"default","ast-global-header-display":"","ast-banner-title-visibility":"","ast-main-header-display":"","ast-hfb-above-header-display":"","ast-hfb-below-header-display":"","ast-hfb-mobile-header-display":"","site-post-title":"","ast-breadcrumbs-content":"","ast-featured-img":"","footer-sml-layout":"","theme-transparent-header-meta":"default","adv-header-id-meta":"","stick-header-meta":"default","header-above-stick-meta":"","header-main-stick-meta":"","header-below-stick-meta":"","astra-migrate-meta-layouts":"default","ast-page-background-enabled":"default","ast-page-background-meta":{"desktop":{"background-color":"","background-image":"","background-repeat":"repeat","background-position":"center center","background-size":"auto","background-attachment":"scroll","background-type":"","background-media":"","overlay-type":"","overlay-color":"","overlay-opacity":"","overlay-gradient":""},"tablet":{"background-color":"","background-image":"","background-repeat":"repeat","background-position":"center center","background-size":"auto","background-attachment":"scroll","background-type":"","background-media":"","overlay-type":"","overlay-color":"","overlay-opacity":"","overlay-gradient":""},"mobile":{"background-color":"","background-image":"","background-repeat":"repeat","background-position":"center center","background-size":"auto","background-attachment":"scroll","background-type":"","background-media":"","overlay-type":"","overlay-color":"","overlay-opacity":"","overlay-gradient":""}},"ast-content-background-meta":{"desktop":{"background-color":"var(--ast-global-color-5)","background-image":"","background-repeat":"repeat","background-position":"center center","background-size":"auto","background-attachment":"scroll","background-type":"","background-media":"","overlay-type":"","overlay-color":"","overlay-opacity":"","overlay-gradient":""},"tablet":{"background-color":"var(--ast-global-color-5)","background-image":"","background-repeat":"repeat","background-position":"center center","background-size":"auto","background-attachment":"scroll","background-type":"","background-media":"","overlay-type":"","overlay-color":"","overlay-opacity":"","overlay-gradient":""},"mobile":{"background-color":"var(--ast-global-color-5)","background-image":"","background-repeat":"repeat","background-position":"center center","background-size":"auto","background-attachment":"scroll","background-type":"","background-media":"","overlay-type":"","overlay-color":"","overlay-opacity":"","overlay-gradient":""}}},"product_brand":[],"product_cat":[81,82],"product_tag":[92,76,91],"class_list":{"0":"post-1906","1":"product","2":"type-product","3":"status-publish","4":"has-post-thumbnail","6":"product_cat-hotmelt-machine","7":"product_cat-hotmelt-tank-melters","8":"product_tag-drum-unloaders","9":"product_tag-hot-melt","10":"product_tag-ps20","11":"desktop-align-left","12":"tablet-align-left","13":"mobile-align-left","14":"ast-product-gallery-layout-horizontal-slider","15":"ast-magnify-disabled","16":"ast-product-tabs-layout-horizontal","17":"ast-qv-on-image","19":"first","20":"instock","21":"shipping-taxable","22":"product-type-simple"},"acf":[],"_links":{"self":[{"href":"https:\/\/aasadhesive.com\/th\/wp-json\/wp\/v2\/product\/1906","targetHints":{"allow":["GET"]}}],"collection":[{"href":"https:\/\/aasadhesive.com\/th\/wp-json\/wp\/v2\/product"}],"about":[{"href":"https:\/\/aasadhesive.com\/th\/wp-json\/wp\/v2\/types\/product"}],"version-history":[{"count":0,"href":"https:\/\/aasadhesive.com\/th\/wp-json\/wp\/v2\/product\/1906\/revisions"}],"wp:featuredmedia":[{"embeddable":true,"href":"https:\/\/aasadhesive.com\/th\/wp-json\/wp\/v2\/media\/1908"}],"wp:attachment":[{"href":"https:\/\/aasadhesive.com\/th\/wp-json\/wp\/v2\/media?parent=1906"}],"wp:term":[{"taxonomy":"product_brand","embeddable":true,"href":"https:\/\/aasadhesive.com\/th\/wp-json\/wp\/v2\/product_brand?post=1906"},{"taxonomy":"product_cat","embeddable":true,"href":"https:\/\/aasadhesive.com\/th\/wp-json\/wp\/v2\/product_cat?post=1906"},{"taxonomy":"product_tag","embeddable":true,"href":"https:\/\/aasadhesive.com\/th\/wp-json\/wp\/v2\/product_tag?post=1906"}],"curies":[{"name":"wp","href":"https:\/\/api.w.org\/{rel}","templated":true}]}}