{"id":2334,"date":"2021-08-31T15:48:02","date_gmt":"2021-11-30T07:55:53","guid":{"rendered":"https:\/\/aasadhesive.com\/product\/ps200\/"},"modified":"2021-11-30T14:55:53","modified_gmt":"2021-11-30T07:55:53","slug":"ps200-2","status":"publish","type":"product","link":"https:\/\/aasadhesive.com\/th\/product\/ps200-2\/","title":{"rendered":"PS200"},"content":{"rendered":"<table width=\" \">\n<tbody>\n<tr>\n<th colspan=\"2\" width=\"30%\">\u0e04\u0e38\u0e13\u0e2a\u0e21\u0e1a\u0e31\u0e15\u0e34<\/th>\n<th>PS200<\/th>\n<\/tr>\n<tr>\n<td colspan=\"2\" width=\"146\">\u0e02\u0e19\u0e32\u0e14\u0e01\u0e25\u0e2d\u0e07<\/td>\n<td width=\" \">\u00d8571 (\u0e40\u0e04\u0e37\u0e2d\u0e07\u0e20\u0e32\u0e22\u0e43\u0e19) x 950 \u0e21\u0e21. (\u0e2a\u0e39\u0e07\u0e2a\u0e38\u0e14 200 \u0e25\u0e34\u0e15\u0e23)<\/td>\n<\/tr>\n<tr>\n<td colspan=\"2\" width=\"146\">\u0e09\u0e32\u0e22\u0e2d\u0e32\u0e25\u0e30\u0e27\u0e32\u0e14<\/td>\n<td width=\" \">\u0e41\u0e19\u0e27\u0e41\u0e01\u0e19\u0e2b\u0e23\u0e37\u0e2d\u0e41\u0e1c\u0e48\u0e19\u0e41\u0e1c\u0e48\u0e19<\/td>\n<\/tr>\n<tr>\n<td colspan=\"2\" width=\"146\">\u0e40\u0e14\u0e49\u0e07\u0e40\u0e14\u0e49\u0e07 (*)<\/td>\n<td width=\" \">\u0e2b\u0e32\u0e07 165 \u0e01\u0e01.\/\u0e0a\u0e21<\/td>\n<\/tr>\n<tr>\n<td colspan=\"2\" width=\"146\">\u0e1a\u0e49\u0e32\u0e19\u0e19\u0e49\u0e33 (*)<\/td>\n<td width=\" \">1, 2.5, 4, 8, 15, 20 \u0e41\u0e25\u0e30 30 \u0e0b\u0e35\u0e0b\u0e35\/\u0e23\u0e2d\u0e1a\u0e40\u0e14\u0e35\u0e48\u0e22\u0e27<\/td>\n<\/tr>\n<tr>\n<td colspan=\"2\" width=\"146\"><\/td>\n<td width=\" \">2\u00d70.93, 2\u00d71.86, 2\u00d73.71 \u0e41\u0e25\u0e30 2\u00d74.8 cc\/rev \u0e1b\u0e31\u0e4a\u0e21\u0e04\u0e39\u0e48<\/td>\n<\/tr>\n<tr>\n<td colspan=\"2\" width=\"146\">\u0e1b\u0e23\u0e34\u0e21\u0e32\u0e13\u0e40\u0e04\u0e23\u0e37\u0e48\u0e2d\u0e07\u0e2a\u0e39\u0e1a\u0e19\u0e49\u0e33<\/td>\n<td width=\" \">1 \u0e1b\u0e31\u0e49\u0e1b\u0e40\u0e14\u0e35\u0e48\u0e22\u0e27\u0e2b\u0e23\u0e37\u0e2d 1 \u0e1b\u0e31\u0e4a\u0e21\u0e04\u0e39\u0e48<\/td>\n<\/tr>\n<tr>\n<td colspan=\"2\" width=\"146\"><\/td>\n<td width=\" \">2 \u0e1b\u0e31\u0e4a\u0e1a 8 \u0e0b\u0e35\u0e0b\u0e35\/\u0e23\u0e2d\u0e1a<\/td>\n<\/tr>\n<tr>\n<td colspan=\"2\" width=\"146\">\u0e08\u0e33\u0e19\u0e27\u0e19\u0e44\u0e21\u0e48\u0e40\u0e01\u0e34\u0e19<\/td>\n<td width=\" \">2 \u0e15\u0e48\u0e2d\u0e1b\u0e31\u0e4a\u0e21 (\u0e2d\u0e38\u0e14\u0e23 UNF 3\/4\u2032)<\/td>\n<\/tr>\n<tr>\n<td colspan=\"2\" width=\"146\">\u0e2d\u0e30\u0e44\u0e23\u0e1b\u0e23\u0e30\u0e21\u0e32\u0e13\u0e19\u0e35\u0e49 .\u0e44\u0e1f\u0e1f\u0e49\u0e32<\/td>\n<td width=\" \">2 \u0e2b\u0e23\u0e37\u0e2d 4 \u0e40\u0e1b\u0e23\u0e35\u0e22\u0e27 (\u0e23\u0e38\u0e48\u0e19\u0e21\u0e32\u0e15\u0e23\u0e10\u0e32\u0e19)<\/td>\n<\/tr>\n<tr>\n<td colspan=\"2\" width=\"146\">\u0e01\u0e32\u0e23\u0e41\u0e02\u0e48\u0e07\u0e23\u0e16<\/td>\n<td width=\" \">0.375, 0.55, 0.75, 1.1 kW \u0e1b\u0e31\u0e0d\u0e0d\u0e32\u0e1b\u0e31\u0e4a\u0e21<\/td>\n<\/tr>\n<tr>\n<td colspan=\"2\" width=\"146\">\u0e1b\u0e0e\u0e34\u0e40\u0e2a\u0e18<\/td>\n<td width=\" \">10-80 \u0e23\u0e2d\u0e1a\u0e27\u0e07 (\u0e0a\u0e48\u0e27\u0e07 0-100 \u0e23\u0e2d\u0e1a\u0e40\u0e0a\u0e49\u0e32)<\/td>\n<\/tr>\n<tr>\n<td colspan=\"2\" width=\"146\">\u0e2d\u0e38\u0e13\u0e2b\u0e20\u0e39\u0e21\u0e34<\/td>\n<td width=\" \">40 \u0e16\u0e36\u0e07 200\u00baC<\/td>\n<\/tr>\n<tr>\n<td colspan=\"2\" width=\"146\">\u0e01\u0e32\u0e23\u0e01\u0e33\u0e01\u0e31\u0e1a<\/td>\n<td width=\" \">RTD \u00b10,5\u00baC<\/td>\n<\/tr>\n<tr>\n<td colspan=\"2\" width=\"146\">\u0e40\u0e1a\u0e35\u0e22\u0e23\u0e4c\u0e40\u0e14\u0e37\u0e2d\u0e14<\/td>\n<td width=\" \">80 \u0e1a\u0e32\u0e23\u0e4c (1.160 psi) (\u0e41\u0e19\u0e30\u0e19\u0e33\u0e44\u0e21\u0e48\u0e40\u0e01\u0e34\u0e19 70 \u0e1a\u0e32\u0e23\u0e4c)<\/td>\n<\/tr>\n<tr>\n<td colspan=\"2\" width=\"146\">\u0e1a\u0e32\u0e22\u0e1a\u0e32\u0e22\u0e1e\u0e32\u0e2a<\/td>\n<td width=\" \">\u0e41\u0e2d\u0e47\u0e14\u0e41\u0e17\u0e19)<\/td>\n<\/tr>\n<tr>\n<td colspan=\"2\" width=\"146\">\u0e1e\u0e23\u0e34\u0e01<\/td>\n<td width=\" \"><\/td>\n<\/tr>\n<tr>\n<td colspan=\"2\" width=\"146\">1 \u0e1b\u0e31\u0e4a\u0e1a\/ 2 \u0e17\u0e48\u0e2d\u0e07<\/td>\n<td width=\" \">9.300 W\/ \u0e15\u0e48\u0e2d\u0e40\u0e1f\u0e2a<\/td>\n<\/tr>\n<tr>\n<td colspan=\"2\" width=\"146\">1 \u0e40\u0e14\u0e35\u0e48\u0e22\u0e27\u0e04\u0e39\u0e48\/ 4 \u0e40\u0e1e\u0e49\u0e2d<\/td>\n<td width=\" \">10.500 W\/ \u0e15\u0e48\u0e2d\u0e40\u0e1f\u0e2a<\/td>\n<\/tr>\n<tr>\n<td colspan=\"2\" width=\"146\">\u0e40\u0e2b\u0e22\u0e35\u0e22\u0e1a<\/td>\n<td width=\" \">\u0e40\u0e22\u0e49\u0e40\u0e22\u0e49\u0e40\u0e22\u0e49\u0e40\u0e22\u0e49\u0e40\u0e22\u0e40\u0e22\u0e40\u0e22\u0e40\u0e22\u0e40\u0e22\u0e40\u0e22\u0e40\u0e22\u0e40\u0e22\u0e40\u0e22\u0e40\u0e22\u0e40\u0e22\u0e40\u0e22\u0e40\u0e22\u0e40\u0e22\u0e40\u0e22\u0e40\u0e22\u0e01\u0e31\u0e19\u0e43\u0e2b\u0e49\u0e40\u0e22\u0e37\u0e48\u0e22\u0e21 \u0e09\u0e27\u0e31\u0e14\u0e40\u0e09\u0e27\u0e35\u0e22\u0e19\u0e09\u0e27\u0e31\u0e14\u0e40\u0e09\u0e27\u0e35\u0e22\u0e19 \u0e17\u0e49\u0e32\u0e17\u0e32\u0e22 \u0e17\u0e49\u0e32\u0e17\u0e32\u0e22 \u0e17\u0e49\u0e32\u0e17\u0e32\u0e22 \u0e17\u0e49\u0e32\u0e17\u0e32\u0e22 \u0e17\u0e49\u0e32\u0e17\u0e32\u0e22 \u0e23\u0e30\u0e1a\u0e1a\u0e04\u0e27\u0e1a\u0e04\u0e38\u0e21\u0e04\u0e38\u0e13\u0e20\u0e32\u0e1e \u0e23\u0e30\u0e1a\u0e1a\u0e04\u0e27\u0e1a\u0e04\u0e38\u0e21\u0e04\u0e38\u0e13\u0e20\u0e32\u0e1e \u0e23\u0e30\u0e1a\u0e1a\u0e04\u0e27\u0e1a\u0e04\u0e38\u0e21\u0e04\u0e38\u0e13\u0e20\u0e32\u0e1e \u0e23\u0e30\u0e1a\u0e1a\u0e04\u0e27\u0e1a\u0e04\u0e38\u0e21\u0e04\u0e38\u0e13\u0e20\u0e32\u0e1e \u0e23\u0e30\u0e1a\u0e1a\u0e04\u0e27\u0e1a\u0e04\u0e38\u0e21\u0e04\u0e38\u0e13\u0e20\u0e32\u0e1e \u0e23\u0e30\u0e1a\u0e1a\u0e04\u0e27\u0e1a\u0e04\u0e38\u0e21\u0e04\u0e38\u0e13\u0e20\u0e32\u0e1e \u0e23\u0e30\u0e1a\u0e1a\u0e04\u0e27\u0e1a\u0e04\u0e38\u0e21\u0e04\u0e38\u0e13\u0e20\u0e32\u0e1e \u0e23\u0e30\u0e1a\u0e1a\u0e04\u0e27\u0e1a\u0e04\u0e38\u0e21\u0e04\u0e38\u0e13\u0e20\u0e32\u0e1e \u0e23\u0e30\u0e1a\u0e1a\u0e04\u0e27\u0e1a\u0e04\u0e38\u0e21\u0e04\u0e27\u0e32\u0e21\u0e40\u0e22\u0e47\u0e19\u0e04\u0e38\u0e13\u0e20\u0e32\u0e1e\u0e40\u0e22\u0e35\u0e48\u0e22\u0e21<\/td>\n<\/tr>\n<tr>\n<td colspan=\"2\" width=\"146\"><\/td>\n<td width=\" \"><\/td>\n<\/tr>\n<tr>\n<td colspan=\"2\" width=\"146\">\u0e27\u0e34\u0e0a\u0e32\u0e17\u0e32\u0e07\u0e44\u0e1f\u0e1f\u0e49\u0e32<\/td>\n<td width=\" \">3N ~ 400V 50\/60 Hz + PE<\/td>\n<\/tr>\n<tr>\n<td colspan=\"2\" width=\"146\">\u0e44\u0e2d\u0e15\u0e34\u0e21<\/td>\n<td width=\" \">\u0e15\u0e36\u0e01\u0e09\u0e35\u0e14\u0e09\u0e35\u0e14\u0e0a\u0e33\u0e23\u0e30\u0e25\u0e49\u0e32\u0e07\u0e2d\u0e31\u0e15\u0e42\u0e19\u0e21\u0e31\u0e15\u0e34\u0e2a\u0e33\u0e2b\u0e23\u0e31\u0e1a\u0e40\u0e08\u0e14\u0e35\u0e22\u0e4c\u0e41\u0e1c\u0e48\u0e19\u0e2d\u0e2d\u0e01<\/td>\n<\/tr>\n<tr>\n<td colspan=\"3\" width=\"1011\">(*) \u0e15\u0e32\u0e21\u0e25\u0e48\u0e32\u0e25\u0e48\u0e32\u0e27\u0e41\u0e1c\u0e48\u0e19\u0e41\u0e25\u0e30\u0e2a\u0e20\u0e32\u0e1e\u0e01\u0e32\u0e23\u0e17\u0e33\u0e07\u0e32\u0e19<\/td>\n<\/tr>\n<\/tbody>\n<\/table>","protected":false},"excerpt":{"rendered":"<p>\u0e40\u0e1e\u0e37\u0e48\u0e2d\u0e04\u0e27\u0e32\u0e21\u0e40\u0e23\u0e48\u0e07\u0e23\u0e35\u0e1a<\/p>\n<p>\u0e40\u0e04\u0e23\u0e37\u0e48\u0e2d\u0e07\u0e02\u0e19\u0e16\u0e48\u0e32\u0e22\u0e41\u0e1a\u0e1a\u0e14\u0e35\u0e23\u0e35\u0e21 PS200 \u0e43\u0e2b\u0e49\u0e01\u0e32\u0e23\u0e1d\u0e36\u0e01\u0e1d\u0e19\u0e41\u0e1a\u0e1a\u0e02\u0e2d\u0e07 <strong>\u0e41\u0e27\u0e1a\u0e27\u0e32\u0e1a\u0e44\u0e1b\u0e2a\u0e37\u0e1a\u0e21\u0e32<\/strong> \u0e43\u0e19\u0e16\u0e31\u0e07\u0e02\u0e19\u0e32\u0e14 200 \u0e25\u0e34\u0e15\u0e23<br \/>\n\u0e40\u0e02\u0e35\u0e22\u0e07\u0e1c\u0e39\u0e49\u0e19\u0e33\u0e14\u0e49\u0e32\u0e19\u0e01\u0e32\u0e23\u0e15\u0e25\u0e32\u0e14 \u0e40\u0e01\u0e23\u0e07\u0e27\u0e48\u0e32\u0e08\u0e30\u0e44\u0e14\u0e49\u0e04\u0e38\u0e13\u0e20\u0e32\u0e1e\u0e14\u0e35 \u0e2b\u0e23\u0e37\u0e2d\u0e44\u0e21\u0e48 ... ... ... ... ... Read More<\/p>","protected":false},"featured_media":2272,"template":"","meta":{"_acf_changed":false,"_seopress_robots_primary_cat":"none","_seopress_titles_title":"","_seopress_titles_desc":"","_seopress_robots_index":"","site-sidebar-layout":"default","site-content-layout":"default","ast-site-content-layout":"default","site-content-style":"default","site-sidebar-style":"default","ast-global-header-display":"","ast-banner-title-visibility":"","ast-main-header-display":"","ast-hfb-above-header-display":"","ast-hfb-below-header-display":"","ast-hfb-mobile-header-display":"","site-post-title":"","ast-breadcrumbs-content":"","ast-featured-img":"","footer-sml-layout":"","theme-transparent-header-meta":"default","adv-header-id-meta":"","stick-header-meta":"default","header-above-stick-meta":"","header-main-stick-meta":"","header-below-stick-meta":"","astra-migrate-meta-layouts":"default","ast-page-background-enabled":"default","ast-page-background-meta":{"desktop":{"background-color":"","background-image":"","background-repeat":"repeat","background-position":"center center","background-size":"auto","background-attachment":"scroll","background-type":"","background-media":"","overlay-type":"","overlay-color":"","overlay-opacity":"","overlay-gradient":""},"tablet":{"background-color":"","background-image":"","background-repeat":"repeat","background-position":"center center","background-size":"auto","background-attachment":"scroll","background-type":"","background-media":"","overlay-type":"","overlay-color":"","overlay-opacity":"","overlay-gradient":""},"mobile":{"background-color":"","background-image":"","background-repeat":"repeat","background-position":"center center","background-size":"auto","background-attachment":"scroll","background-type":"","background-media":"","overlay-type":"","overlay-color":"","overlay-opacity":"","overlay-gradient":""}},"ast-content-background-meta":{"desktop":{"background-color":"var(--ast-global-color-5)","background-image":"","background-repeat":"repeat","background-position":"center center","background-size":"auto","background-attachment":"scroll","background-type":"","background-media":"","overlay-type":"","overlay-color":"","overlay-opacity":"","overlay-gradient":""},"tablet":{"background-color":"var(--ast-global-color-5)","background-image":"","background-repeat":"repeat","background-position":"center center","background-size":"auto","background-attachment":"scroll","background-type":"","background-media":"","overlay-type":"","overlay-color":"","overlay-opacity":"","overlay-gradient":""},"mobile":{"background-color":"var(--ast-global-color-5)","background-image":"","background-repeat":"repeat","background-position":"center center","background-size":"auto","background-attachment":"scroll","background-type":"","background-media":"","overlay-type":"","overlay-color":"","overlay-opacity":"","overlay-gradient":""}}},"product_brand":[],"product_cat":[116,111],"product_tag":[118,117],"class_list":{"0":"post-2334","1":"product","2":"type-product","3":"status-publish","4":"has-post-thumbnail","6":"product_cat-116","7":"product_cat--hotmelt","8":"product_tag-ps200-th","9":"product_tag-117","10":"desktop-align-left","11":"tablet-align-left","12":"mobile-align-left","13":"ast-product-gallery-layout-horizontal-slider","14":"ast-product-gallery-with-no-image","15":"ast-magnify-disabled","16":"ast-product-tabs-layout-horizontal","17":"ast-qv-on-image","19":"first","20":"instock","21":"shipping-taxable","22":"product-type-simple"},"acf":[],"_links":{"self":[{"href":"https:\/\/aasadhesive.com\/th\/wp-json\/wp\/v2\/product\/2334","targetHints":{"allow":["GET"]}}],"collection":[{"href":"https:\/\/aasadhesive.com\/th\/wp-json\/wp\/v2\/product"}],"about":[{"href":"https:\/\/aasadhesive.com\/th\/wp-json\/wp\/v2\/types\/product"}],"version-history":[{"count":0,"href":"https:\/\/aasadhesive.com\/th\/wp-json\/wp\/v2\/product\/2334\/revisions"}],"wp:featuredmedia":[{"embeddable":true,"href":"https:\/\/aasadhesive.com\/th\/wp-json\/wp\/v2\/media\/2272"}],"wp:attachment":[{"href":"https:\/\/aasadhesive.com\/th\/wp-json\/wp\/v2\/media?parent=2334"}],"wp:term":[{"taxonomy":"product_brand","embeddable":true,"href":"https:\/\/aasadhesive.com\/th\/wp-json\/wp\/v2\/product_brand?post=2334"},{"taxonomy":"product_cat","embeddable":true,"href":"https:\/\/aasadhesive.com\/th\/wp-json\/wp\/v2\/product_cat?post=2334"},{"taxonomy":"product_tag","embeddable":true,"href":"https:\/\/aasadhesive.com\/th\/wp-json\/wp\/v2\/product_tag?post=2334"}],"curies":[{"name":"wp","href":"https:\/\/api.w.org\/{rel}","templated":true}]}}